{"id":37,"date":"2025-06-13T05:44:58","date_gmt":"2025-06-13T04:44:58","guid":{"rendered":"https:\/\/backpackingthrough.com\/?page_id=37"},"modified":"2025-08-27T14:43:10","modified_gmt":"2025-08-27T13:43:10","slug":"conocenos","status":"publish","type":"page","link":"https:\/\/backpackingthrough.com\/en\/conocenos\/","title":{"rendered":"About us"},"content":{"rendered":"<div class=\"wp-block-stackable-columns alignwide stk-block-columns stk-block stk-6229e85\" data-block-id=\"6229e85\"><style>.stk-6229e85 {margin-bottom:var(--stk--preset--spacing--40, clamp(1.8rem, 1.8rem + ((1vw - 0.48rem) * 2.885), 3rem)) !important;}@media screen and (max-width: 767px){.stk-6229e85 {padding-top:var(--stk--preset--spacing--none, 0px) !important;padding-right:var(--stk--preset--spacing--none, 0px) !important;padding-bottom:var(--stk--preset--spacing--none, 0px) !important;padding-left:var(--stk--preset--spacing--none, 0px) !important;margin-right:var(--stk--preset--spacing--30, clamp(1.5rem, 5vw, 2rem)) !important;margin-left:var(--stk--preset--spacing--30, clamp(1.5rem, 5vw, 2rem)) !important;}.stk-6229e85-column{--stk-columns-spacing:var(--stk--preset--spacing--none, 0px) !important;--stk-column-gap:var(--stk--preset--spacing--none, 0px) !important;}}<\/style><div class=\"stk-row stk-inner-blocks stk-block-content stk-content-align stk-6229e85-column alignwide\">\n<div class=\"wp-block-stackable-column stk-block-column stk-column stk-block stk-eea0b68\" data-v=\"4\" data-block-id=\"eea0b68\"><style>.stk-eea0b68 {align-items:flex-start !important;display:flex !important;}@media screen and (min-width: 768px){.stk-eea0b68 {flex:var(--stk-flex-grow, 1) 1 calc(45% - var(--stk-column-gap, 0px) * 1 \/ 2 ) !important;}}<\/style><div class=\"stk-column-wrapper stk-block-column__content stk-container stk-eea0b68-container stk--no-background stk--no-padding\"><div class=\"stk-block-content stk-inner-blocks stk-eea0b68-inner-blocks\">\n<div class=\"wp-block-stackable-heading stk-block-heading stk-block-heading--v2 stk-block stk-f318e99\" id=\"tomate-tu-tiempo-para-contar-los-billetes-al-pagar\" data-block-id=\"f318e99\"><style>.stk-f318e99 .stk-block-heading__bottom-line{width:70% !important;background-color:#cc5500 !important;}.stk-f318e99 {margin-top:var(--stk--preset--spacing--50, clamp(2.5rem, 8vw, 4.5rem)) !important;margin-bottom:var(--stk--preset--spacing--50, clamp(2.5rem, 8vw, 4.5rem)) !important;}.stk-f318e99 .stk-block-heading__text{color:#f5ebdd !important;font-family:\"Jost\", Sans-serif !important;}@media screen and (max-width: 1023px){.stk-f318e99 {margin-top:var(--stk--preset--spacing--30, clamp(1.5rem, 5vw, 2rem)) !important;margin-bottom:var(--stk--preset--spacing--40, clamp(1.8rem, 1.8rem + ((1vw - 0.48rem) * 2.885), 3rem)) !important;}}@media screen and (max-width: 767px){.stk-f318e99 {margin-top:var(--stk--preset--spacing--none, 0px) !important;margin-bottom:var(--stk--preset--spacing--40, clamp(1.8rem, 1.8rem + ((1vw - 0.48rem) * 2.885), 3rem)) !important;}}<\/style><h3 class=\"stk-block-heading__text has-text-color\"> <strong><span style=\"color: #cc5500;\" class=\"stk-highlight\">Alex<\/span><\/strong><\/h3><div class=\"stk-block-heading__bottom-line\"><\/div><\/div>\n\n\n\n<div class=\"wp-block-stackable-text stk-block-text stk-block stk-d09e3bf\" data-block-id=\"d09e3bf\"><style>@media screen and (max-width: 767px){.stk-d09e3bf {margin-bottom:var(--stk--preset--spacing--30, clamp(1.5rem, 5vw, 2rem)) !important;}}<\/style><p class=\"stk-block-text__text\">Alex is the team\u2019s official photographer\u2014wherever he goes, he always carries his camera to make sure he doesn\u2019t miss a single moment worth capturing.<br><br>When it comes to new experiences, he\u2019s never satisfied with just a few\u2014he can\u2019t go a single day without thinking about what his next adventure will be.<br><br>Besides photography, he\u2019s passionate about cinema, rugby, and video games.<br><br>His favorite country among those he has visited is Japan, and his favorite food is Japanese as well.<br><br>I recommend you to follow him on <span style=\"color: #cc5500;\" class=\"stk-highlight\"><a href=\"https:\/\/www.youtube.com\/@NovoTron3000\" data-type=\"link\" data-id=\"https:\/\/www.youtube.com\/@NovoTron3000\" target=\"_blank\" rel=\"noreferrer noopener\">YouTube<\/a><\/span> where he uploads cinematic videos of each of our adventures.<\/p><\/div>\n<\/div><\/div><\/div>\n\n\n\n<div class=\"wp-block-stackable-column stk-block-column stk-column stk-block stk-7df771e\" data-v=\"4\" data-block-id=\"7df771e\"><style>.stk-7df771e {align-self:center !important;}@media screen and (min-width: 768px){.stk-7df771e {flex:var(--stk-flex-grow, 1) 1 calc(55% - var(--stk-column-gap, 0px) * 1 \/ 2 ) !important;}}<\/style><div class=\"stk-column-wrapper stk-block-column__content stk-container stk-7df771e-container stk--no-background stk--no-padding\"><div class=\"stk-block-content stk-inner-blocks stk-7df771e-inner-blocks\">\n<div class=\"wp-block-stackable-image stk-block-image stk-block stk-2dee709\" data-block-id=\"2dee709\"><style>.stk-2dee709 .stk-img-wrapper{aspect-ratio:1\/1 !important;width:90% !important;height:auto !important;}.stk-2dee709 .stk-img-wrapper img{transform:scale(1) !important;border-radius:9px !important;object-position:36% 45% !important;object-fit:cover !important;}.stk-2dee709 .stk-img-wrapper img, .stk-2dee709 .stk-img-wrapper::after, .stk-2dee709 .stk-img-wrapper::before{mask-image:url('data:image\/svg+xml;base64,PHN2ZyB4bWxucz0iaHR0cDovL3d3dy53My5vcmcvMjAwMC9zdmciIHZpZXdCb3g9IjAgMCAyMDAgMjAwIiBwcmVzZXJ2ZUFzcGVjdFJhdGlvPSJub25lIiB0cmFuc2Zvcm09InNjYWxlKC0xLC0xKSI+PHBhdGggZD0iTTE4OC41IDMxLjljMTIuOSAxNS45IDEyLjUgNDMuMyAxMC4zIDc3LjFzLTYuMiA3NC4yLTI2LjIgODYuNS01Ni4xLTMuMy04OS40LTIxLjItNjMuNy0zOC4xLTc2LjQtNjkuOEMtNS45IDczLS44IDI5LjkgMjEuNiAxMS43IDQ0LTYuNCA4My44LjUgMTE2LjcgNi4xczU5IDEwIDcxLjggMjUuOHoiPjwvcGF0aD48L3N2Zz4=') !important;-webkit-mask-image:url('data:image\/svg+xml;base64,PHN2ZyB4bWxucz0iaHR0cDovL3d3dy53My5vcmcvMjAwMC9zdmciIHZpZXdCb3g9IjAgMCAyMDAgMjAwIiBwcmVzZXJ2ZUFzcGVjdFJhdGlvPSJub25lIiB0cmFuc2Zvcm09InNjYWxlKC0xLC0xKSI+PHBhdGggZD0iTTE4OC41IDMxLjljMTIuOSAxNS45IDEyLjUgNDMuMyAxMC4zIDc3LjFzLTYuMiA3NC4yLTI2LjIgODYuNS01Ni4xLTMuMy04OS40LTIxLjItNjMuNy0zOC4xLTc2LjQtNjkuOEMtNS45IDczLS44IDI5LjkgMjEuNiAxMS43IDQ0LTYuNCA4My44LjUgMTE2LjcgNi4xczU5IDEwIDcxLjggMjUuOHoiPjwvcGF0aD48L3N2Zz4=') !important;}@media screen and (max-width: 1023px){.stk-2dee709 {align-items:center !important;margin-top:var(--stk--preset--spacing--none, 0px) !important;display:flex !important;}.stk-2dee709 .stk-img-wrapper{height:auto !important;}}@media screen and (max-width: 767px){.stk-2dee709 .stk-img-wrapper{height:auto !important;}}<\/style><figure><span class=\"stk-img-wrapper stk-img--shape stk-image--shape-stretch\"><img loading=\"lazy\" decoding=\"async\" class=\"stk-img wp-image-1520\" src=\"https:\/\/backpackingthrough.com\/wp-content\/uploads\/2025\/07\/Alex-scaled.jpg\" width=\"2560\" height=\"1440\" srcset=\"https:\/\/backpackingthrough.com\/wp-content\/uploads\/2025\/07\/Alex-scaled.jpg 2560w, https:\/\/backpackingthrough.com\/wp-content\/uploads\/2025\/07\/Alex-300x169.jpg 300w, https:\/\/backpackingthrough.com\/wp-content\/uploads\/2025\/07\/Alex-1024x576.jpg 1024w, https:\/\/backpackingthrough.com\/wp-content\/uploads\/2025\/07\/Alex-768x432.jpg 768w, https:\/\/backpackingthrough.com\/wp-content\/uploads\/2025\/07\/Alex-1536x864.jpg 1536w, https:\/\/backpackingthrough.com\/wp-content\/uploads\/2025\/07\/Alex-2048x1152.jpg 2048w, https:\/\/backpackingthrough.com\/wp-content\/uploads\/2025\/07\/Alex-18x10.jpg 18w, https:\/\/backpackingthrough.com\/wp-content\/uploads\/2025\/07\/Alex-1320x743.jpg 1320w\" sizes=\"auto, (max-width: 2560px) 100vw, 2560px\" \/><\/span><\/figure><\/div>\n<\/div><\/div><\/div>\n<\/div><\/div>\n\n\n\n<div class=\"wp-block-stackable-columns alignwide stk-block-columns stk-block stk-291e69c\" data-block-id=\"291e69c\"><style>.stk-291e69c {margin-bottom:var(--stk--preset--spacing--40, clamp(1.8rem, 1.8rem + ((1vw - 0.48rem) * 2.885), 3rem)) !important;}@media screen and (max-width: 767px){.stk-291e69c {margin-right:var(--stk--preset--spacing--30, clamp(1.5rem, 5vw, 2rem)) !important;margin-left:var(--stk--preset--spacing--30, clamp(1.5rem, 5vw, 2rem)) !important;--stk-col-order-1:2 !important;--stk-col-order-2:1 !important;}.stk-291e69c-column{--stk-columns-spacing:var(--stk--preset--spacing--none, 0px) !important;--stk-column-gap:var(--stk--preset--spacing--none, 0px) !important;}}<\/style><div class=\"stk-row stk-inner-blocks stk-block-content stk-content-align stk-291e69c-column alignwide\">\n<div class=\"wp-block-stackable-column stk-block-column stk-column stk-block stk-67e971d\" data-v=\"4\" data-block-id=\"67e971d\"><style>.stk-67e971d {align-self:center !important;}@media screen and (min-width: 768px){.stk-67e971d {flex:var(--stk-flex-grow, 1) 1 calc(55% - var(--stk-column-gap, 0px) * 1 \/ 2 ) !important;}}<\/style><div class=\"stk-column-wrapper stk-block-column__content stk-container stk-67e971d-container stk--no-background stk--no-padding\"><div class=\"stk-block-content stk-inner-blocks stk-67e971d-inner-blocks\">\n<div class=\"wp-block-stackable-image stk-block-image stk-block stk-d74c39c\" data-block-id=\"d74c39c\"><style>.stk-d74c39c .stk-img-wrapper{aspect-ratio:1\/1 !important;width:90% !important;height:auto !important;}.stk-d74c39c .stk-img-wrapper img{transform:scale(1) !important;border-radius:9px !important;object-position:63% 61% !important;object-fit:cover !important;}.stk-d74c39c .stk-img-wrapper img, .stk-d74c39c .stk-img-wrapper::after, .stk-d74c39c .stk-img-wrapper::before{mask-image:url('data:image\/svg+xml;base64,PHN2ZyB4bWxucz0iaHR0cDovL3d3dy53My5vcmcvMjAwMC9zdmciIHZpZXdCb3g9IjAgMCAyMDAgMjAwIiBwcmVzZXJ2ZUFzcGVjdFJhdGlvPSJub25lIiB0cmFuc2Zvcm09InNjYWxlKDEsLTEpIj48cGF0aCBkPSJNMTg4LjUgMzEuOWMxMi45IDE1LjkgMTIuNSA0My4zIDEwLjMgNzcuMXMtNi4yIDc0LjItMjYuMiA4Ni41LTU2LjEtMy4zLTg5LjQtMjEuMi02My43LTM4LjEtNzYuNC02OS44Qy01LjkgNzMtLjggMjkuOSAyMS42IDExLjcgNDQtNi40IDgzLjguNSAxMTYuNyA2LjFzNTkgMTAgNzEuOCAyNS44eiI+PC9wYXRoPjwvc3ZnPg==') !important;-webkit-mask-image:url('data:image\/svg+xml;base64,PHN2ZyB4bWxucz0iaHR0cDovL3d3dy53My5vcmcvMjAwMC9zdmciIHZpZXdCb3g9IjAgMCAyMDAgMjAwIiBwcmVzZXJ2ZUFzcGVjdFJhdGlvPSJub25lIiB0cmFuc2Zvcm09InNjYWxlKDEsLTEpIj48cGF0aCBkPSJNMTg4LjUgMzEuOWMxMi45IDE1LjkgMTIuNSA0My4zIDEwLjMgNzcuMXMtNi4yIDc0LjItMjYuMiA4Ni41LTU2LjEtMy4zLTg5LjQtMjEuMi02My43LTM4LjEtNzYuNC02OS44Qy01LjkgNzMtLjggMjkuOSAyMS42IDExLjcgNDQtNi40IDgzLjguNSAxMTYuNyA2LjFzNTkgMTAgNzEuOCAyNS44eiI+PC9wYXRoPjwvc3ZnPg==') !important;}@media screen and (max-width: 1023px){.stk-d74c39c .stk-img-wrapper{height:auto !important;}}@media screen and (max-width: 767px){.stk-d74c39c .stk-img-wrapper{height:auto !important;}}<\/style><figure><span class=\"stk-img-wrapper stk-img--shape stk-image--shape-stretch\"><img loading=\"lazy\" decoding=\"async\" class=\"stk-img wp-image-1522\" src=\"https:\/\/backpackingthrough.com\/wp-content\/uploads\/2025\/07\/Diana-scaled.jpg\" width=\"2560\" height=\"1441\" srcset=\"https:\/\/backpackingthrough.com\/wp-content\/uploads\/2025\/07\/Diana-scaled.jpg 2560w, https:\/\/backpackingthrough.com\/wp-content\/uploads\/2025\/07\/Diana-300x169.jpg 300w, https:\/\/backpackingthrough.com\/wp-content\/uploads\/2025\/07\/Diana-1024x576.jpg 1024w, https:\/\/backpackingthrough.com\/wp-content\/uploads\/2025\/07\/Diana-768x432.jpg 768w, https:\/\/backpackingthrough.com\/wp-content\/uploads\/2025\/07\/Diana-1536x864.jpg 1536w, https:\/\/backpackingthrough.com\/wp-content\/uploads\/2025\/07\/Diana-2048x1152.jpg 2048w, https:\/\/backpackingthrough.com\/wp-content\/uploads\/2025\/07\/Diana-18x10.jpg 18w, https:\/\/backpackingthrough.com\/wp-content\/uploads\/2025\/07\/Diana-1320x743.jpg 1320w\" sizes=\"auto, (max-width: 2560px) 100vw, 2560px\" \/><\/span><\/figure><\/div>\n<\/div><\/div><\/div>\n\n\n\n<div class=\"wp-block-stackable-column stk-block-column stk-column stk-block stk-cb85c89\" data-v=\"4\" data-block-id=\"cb85c89\"><style>@media screen and (min-width: 768px){.stk-cb85c89 {flex:var(--stk-flex-grow, 1) 1 calc(45% - var(--stk-column-gap, 0px) * 1 \/ 2 ) !important;}}<\/style><div class=\"stk-column-wrapper stk-block-column__content stk-container stk-cb85c89-container stk--no-background stk--no-padding\"><div class=\"has-text-align-right stk-block-content stk-inner-blocks stk-cb85c89-inner-blocks\">\n<div class=\"wp-block-stackable-heading stk-block-heading stk-block-heading--v2 stk-block stk-a761b09\" id=\"tomate-tu-tiempo-para-contar-los-billetes-al-pagar\" data-block-id=\"a761b09\"><style>.stk-a761b09 .stk-block-heading__bottom-line{width:70% !important;background-color:#cc5500 !important;margin-left:auto !important;margin-right:0 !important;}.stk-a761b09 {margin-top:var(--stk--preset--spacing--50, clamp(2.5rem, 8vw, 4.5rem)) !important;margin-bottom:var(--stk--preset--spacing--50, clamp(2.5rem, 8vw, 4.5rem)) !important;}.stk-a761b09 .stk-block-heading__text{color:#f5ebdd !important;font-family:\"Jost\", Sans-serif !important;}@media screen and (max-width: 1023px){.stk-a761b09 {margin-top:var(--stk--preset--spacing--30, clamp(1.5rem, 5vw, 2rem)) !important;margin-right:var(--stk--preset--spacing--none, 0px) !important;margin-bottom:var(--stk--preset--spacing--40, clamp(1.8rem, 1.8rem + ((1vw - 0.48rem) * 2.885), 3rem)) !important;}}@media screen and (max-width: 767px){.stk-a761b09 {margin-top:var(--stk--preset--spacing--none, 0px) !important;margin-left:var(--stk--preset--spacing--none, 0px) !important;}}<\/style><h3 class=\"stk-block-heading__text has-text-color\"><strong><span style=\"color: #cc5500;\" class=\"stk-highlight\">Diana<\/span><\/strong><\/h3><div class=\"stk-block-heading__bottom-line\"><\/div><\/div>\n\n\n\n<div class=\"wp-block-stackable-text stk-block-text stk-block stk-9dac765\" data-block-id=\"9dac765\"><style>@media screen and (max-width: 1023px){.stk-9dac765 {margin-bottom:var(--stk--preset--spacing--30, clamp(1.5rem, 5vw, 2rem)) !important;}}<\/style><p class=\"stk-block-text__text translation-block\">I\u2019m Diana, the one who runs this blog and makes sure everything is in order when we travel.<br><br>I love driving long hours to reach the most remote places possible and admire the most impressive nature of each location.<br><br>I decided to start this blog as a way to combine two of my passions: traveling and web development.<br><br>My favorite country among those I\u2019ve visited is Iceland, and my favorite food is Greek cuisine.<\/p><\/div>\n<\/div><\/div><\/div>\n<\/div><\/div>","protected":false},"excerpt":{"rendered":"<p>Alex Alex es el fot\u00f3grafo oficial del equipo, all\u00e1 donde vaya siempre lleva la c\u00e1mara encima para que no se le escape ni un solo instante sin capturar. Si se trata de experiencias nuevas no se conforma con pocas y no puede pasar ni un s\u00f3lo d\u00eda sin que est\u00e9 pensando en cu\u00e1l ser\u00e1 su [&hellip;]<\/p>\n","protected":false},"author":2,"featured_media":0,"parent":0,"menu_order":0,"comment_status":"closed","ping_status":"closed","template":"pagina-en-blanco","meta":{"_acf_changed":false,"footnotes":""},"class_list":["post-37","page","type-page","status-publish","hentry"],"acf":[],"yoast_head":"<!-- This site is optimized with the Yoast SEO plugin v27.5 - https:\/\/yoast.com\/product\/yoast-seo-wordpress\/ -->\n<title>Con\u00f3cenos - Backpacking Through...<\/title>\n<meta name=\"description\" content=\"Con\u00f3cenos\" \/>\n<meta name=\"robots\" content=\"index, follow, max-snippet:-1, max-image-preview:large, max-video-preview:-1\" \/>\n<link rel=\"canonical\" href=\"https:\/\/backpackingthrough.com\/en\/conocenos\/\" \/>\n<meta property=\"og:locale\" content=\"en_US\" \/>\n<meta property=\"og:type\" content=\"article\" \/>\n<meta property=\"og:title\" content=\"Con\u00f3cenos - Backpacking Through...\" \/>\n<meta property=\"og:description\" content=\"Con\u00f3cenos\" \/>\n<meta property=\"og:url\" content=\"https:\/\/backpackingthrough.com\/en\/conocenos\/\" \/>\n<meta property=\"og:site_name\" content=\"Backpacking Through...\" \/>\n<meta property=\"article:modified_time\" content=\"2025-08-27T13:43:10+00:00\" \/>\n<meta property=\"og:image\" content=\"https:\/\/backpackingthrough.com\/wp-content\/uploads\/2025\/07\/Alex-scaled.jpg\" \/>\n\t<meta property=\"og:image:width\" content=\"2560\" \/>\n\t<meta property=\"og:image:height\" content=\"1440\" \/>\n\t<meta property=\"og:image:type\" content=\"image\/jpeg\" \/>\n<meta name=\"twitter:card\" content=\"summary_large_image\" \/>\n<meta name=\"twitter:label1\" content=\"Est. reading time\" \/>\n\t<meta name=\"twitter:data1\" content=\"2 minutes\" \/>\n<script type=\"application\/ld+json\" class=\"yoast-schema-graph\">{\"@context\":\"https:\\\/\\\/schema.org\",\"@graph\":[{\"@type\":\"WebPage\",\"@id\":\"https:\\\/\\\/backpackingthrough.com\\\/conocenos\\\/\",\"url\":\"https:\\\/\\\/backpackingthrough.com\\\/conocenos\\\/\",\"name\":\"Con\u00f3cenos - Backpacking Through...\",\"isPartOf\":{\"@id\":\"https:\\\/\\\/backpackingthrough.com\\\/#website\"},\"primaryImageOfPage\":{\"@id\":\"https:\\\/\\\/backpackingthrough.com\\\/conocenos\\\/#primaryimage\"},\"image\":{\"@id\":\"https:\\\/\\\/backpackingthrough.com\\\/conocenos\\\/#primaryimage\"},\"thumbnailUrl\":\"https:\\\/\\\/backpackingthrough.com\\\/wp-content\\\/uploads\\\/2025\\\/07\\\/Alex-scaled.jpg\",\"datePublished\":\"2025-06-13T04:44:58+00:00\",\"dateModified\":\"2025-08-27T13:43:10+00:00\",\"description\":\"Con\u00f3cenos\",\"breadcrumb\":{\"@id\":\"https:\\\/\\\/backpackingthrough.com\\\/conocenos\\\/#breadcrumb\"},\"inLanguage\":\"en-US\",\"potentialAction\":[{\"@type\":\"ReadAction\",\"target\":[\"https:\\\/\\\/backpackingthrough.com\\\/conocenos\\\/\"]}]},{\"@type\":\"ImageObject\",\"inLanguage\":\"en-US\",\"@id\":\"https:\\\/\\\/backpackingthrough.com\\\/conocenos\\\/#primaryimage\",\"url\":\"https:\\\/\\\/backpackingthrough.com\\\/wp-content\\\/uploads\\\/2025\\\/07\\\/Alex-scaled.jpg\",\"contentUrl\":\"https:\\\/\\\/backpackingthrough.com\\\/wp-content\\\/uploads\\\/2025\\\/07\\\/Alex-scaled.jpg\"},{\"@type\":\"BreadcrumbList\",\"@id\":\"https:\\\/\\\/backpackingthrough.com\\\/conocenos\\\/#breadcrumb\",\"itemListElement\":[{\"@type\":\"ListItem\",\"position\":1,\"name\":\"Inicio\",\"item\":\"https:\\\/\\\/backpackingthrough.com\\\/\"},{\"@type\":\"ListItem\",\"position\":2,\"name\":\"Con\u00f3cenos\"}]},{\"@type\":\"WebSite\",\"@id\":\"https:\\\/\\\/backpackingthrough.com\\\/#website\",\"url\":\"https:\\\/\\\/backpackingthrough.com\\\/\",\"name\":\"Backpacking Through\",\"description\":\"Blog de viajes\",\"publisher\":{\"@id\":\"https:\\\/\\\/backpackingthrough.com\\\/#organization\"},\"alternateName\":\"Backpacking Through\",\"potentialAction\":[{\"@type\":\"SearchAction\",\"target\":{\"@type\":\"EntryPoint\",\"urlTemplate\":\"https:\\\/\\\/backpackingthrough.com\\\/?s={search_term_string}\"},\"query-input\":{\"@type\":\"PropertyValueSpecification\",\"valueRequired\":true,\"valueName\":\"search_term_string\"}}],\"inLanguage\":\"en-US\"},{\"@type\":\"Organization\",\"@id\":\"https:\\\/\\\/backpackingthrough.com\\\/#organization\",\"name\":\"Backpacking Through\",\"alternateName\":\"Backpacking Through\",\"url\":\"https:\\\/\\\/backpackingthrough.com\\\/\",\"logo\":{\"@type\":\"ImageObject\",\"inLanguage\":\"en-US\",\"@id\":\"https:\\\/\\\/backpackingthrough.com\\\/#\\\/schema\\\/logo\\\/image\\\/\",\"url\":\"https:\\\/\\\/backpackingthrough.com\\\/wp-content\\\/uploads\\\/2025\\\/06\\\/logo-texto-horizontal-scaled.jpg\",\"contentUrl\":\"https:\\\/\\\/backpackingthrough.com\\\/wp-content\\\/uploads\\\/2025\\\/06\\\/logo-texto-horizontal-scaled.jpg\",\"width\":2560,\"height\":910,\"caption\":\"Backpacking Through\"},\"image\":{\"@id\":\"https:\\\/\\\/backpackingthrough.com\\\/#\\\/schema\\\/logo\\\/image\\\/\"}}]}<\/script>\n<!-- \/ Yoast SEO plugin. -->","yoast_head_json":{"title":"Con\u00f3cenos - Backpacking Through...","description":"About us","robots":{"index":"index","follow":"follow","max-snippet":"max-snippet:-1","max-image-preview":"max-image-preview:large","max-video-preview":"max-video-preview:-1"},"canonical":"https:\/\/backpackingthrough.com\/en\/conocenos\/","og_locale":"en_US","og_type":"article","og_title":"Con\u00f3cenos - Backpacking Through...","og_description":"Con\u00f3cenos","og_url":"https:\/\/backpackingthrough.com\/en\/conocenos\/","og_site_name":"Backpacking Through...","article_modified_time":"2025-08-27T13:43:10+00:00","og_image":[{"width":2560,"height":1440,"url":"https:\/\/backpackingthrough.com\/wp-content\/uploads\/2025\/07\/Alex-scaled.jpg","type":"image\/jpeg"}],"twitter_card":"summary_large_image","twitter_misc":{"Est. reading time":"2 minutes"},"schema":{"@context":"https:\/\/schema.org","@graph":[{"@type":"WebPage","@id":"https:\/\/backpackingthrough.com\/conocenos\/","url":"https:\/\/backpackingthrough.com\/conocenos\/","name":"Con\u00f3cenos - Backpacking Through...","isPartOf":{"@id":"https:\/\/backpackingthrough.com\/#website"},"primaryImageOfPage":{"@id":"https:\/\/backpackingthrough.com\/conocenos\/#primaryimage"},"image":{"@id":"https:\/\/backpackingthrough.com\/conocenos\/#primaryimage"},"thumbnailUrl":"https:\/\/backpackingthrough.com\/wp-content\/uploads\/2025\/07\/Alex-scaled.jpg","datePublished":"2025-06-13T04:44:58+00:00","dateModified":"2025-08-27T13:43:10+00:00","description":"About us","breadcrumb":{"@id":"https:\/\/backpackingthrough.com\/conocenos\/#breadcrumb"},"inLanguage":"en-US","potentialAction":[{"@type":"ReadAction","target":["https:\/\/backpackingthrough.com\/conocenos\/"]}]},{"@type":"ImageObject","inLanguage":"en-US","@id":"https:\/\/backpackingthrough.com\/conocenos\/#primaryimage","url":"https:\/\/backpackingthrough.com\/wp-content\/uploads\/2025\/07\/Alex-scaled.jpg","contentUrl":"https:\/\/backpackingthrough.com\/wp-content\/uploads\/2025\/07\/Alex-scaled.jpg"},{"@type":"BreadcrumbList","@id":"https:\/\/backpackingthrough.com\/conocenos\/#breadcrumb","itemListElement":[{"@type":"ListItem","position":1,"name":"Inicio","item":"https:\/\/backpackingthrough.com\/"},{"@type":"ListItem","position":2,"name":"Con\u00f3cenos"}]},{"@type":"WebSite","@id":"https:\/\/backpackingthrough.com\/#website","url":"https:\/\/backpackingthrough.com\/","name":"Backpacking Through","description":"Blog de viajes","publisher":{"@id":"https:\/\/backpackingthrough.com\/#organization"},"alternateName":"Backpacking Through","potentialAction":[{"@type":"SearchAction","target":{"@type":"EntryPoint","urlTemplate":"https:\/\/backpackingthrough.com\/?s={search_term_string}"},"query-input":{"@type":"PropertyValueSpecification","valueRequired":true,"valueName":"search_term_string"}}],"inLanguage":"en-US"},{"@type":"Organization","@id":"https:\/\/backpackingthrough.com\/#organization","name":"Backpacking Through","alternateName":"Backpacking Through","url":"https:\/\/backpackingthrough.com\/","logo":{"@type":"ImageObject","inLanguage":"en-US","@id":"https:\/\/backpackingthrough.com\/#\/schema\/logo\/image\/","url":"https:\/\/backpackingthrough.com\/wp-content\/uploads\/2025\/06\/logo-texto-horizontal-scaled.jpg","contentUrl":"https:\/\/backpackingthrough.com\/wp-content\/uploads\/2025\/06\/logo-texto-horizontal-scaled.jpg","width":2560,"height":910,"caption":"Backpacking Through"},"image":{"@id":"https:\/\/backpackingthrough.com\/#\/schema\/logo\/image\/"}}]}},"_links":{"self":[{"href":"https:\/\/backpackingthrough.com\/en\/wp-json\/wp\/v2\/pages\/37","targetHints":{"allow":["GET"]}}],"collection":[{"href":"https:\/\/backpackingthrough.com\/en\/wp-json\/wp\/v2\/pages"}],"about":[{"href":"https:\/\/backpackingthrough.com\/en\/wp-json\/wp\/v2\/types\/page"}],"author":[{"embeddable":true,"href":"https:\/\/backpackingthrough.com\/en\/wp-json\/wp\/v2\/users\/2"}],"replies":[{"embeddable":true,"href":"https:\/\/backpackingthrough.com\/en\/wp-json\/wp\/v2\/comments?post=37"}],"version-history":[{"count":4,"href":"https:\/\/backpackingthrough.com\/en\/wp-json\/wp\/v2\/pages\/37\/revisions"}],"predecessor-version":[{"id":1523,"href":"https:\/\/backpackingthrough.com\/en\/wp-json\/wp\/v2\/pages\/37\/revisions\/1523"}],"wp:attachment":[{"href":"https:\/\/backpackingthrough.com\/en\/wp-json\/wp\/v2\/media?parent=37"}],"curies":[{"name":"wp","href":"https:\/\/api.w.org\/{rel}","templated":true}]}}